{"id":1493,"date":"2021-01-17T09:33:11","date_gmt":"2021-01-17T07:33:11","guid":{"rendered":"https:\/\/roman3d.com\/?page_id=1493"},"modified":"2025-05-01T11:48:32","modified_gmt":"2025-05-01T09:48:32","slug":"cookies","status":"publish","type":"page","link":"https:\/\/roman3d.com\/fr\/cookies\/","title":{"rendered":"Cookies"},"content":{"rendered":"<p>[et_pb_section fb_built=\u00a0\u00bb1&Prime; admin_label=\u00a0\u00bbsection\u00a0\u00bb _builder_version=\u00a0\u00bb4.16&Prime; custom_margin=\u00a0\u00bb130px||||false|false\u00a0\u00bb custom_margin_tablet=\u00a0\u00bb0px||||false|false\u00a0\u00bb custom_margin_phone=\u00a0\u00bb0px||||false|false\u00a0\u00bb custom_margin_last_edited=\u00a0\u00bbon|phone\u00a0\u00bb global_colors_info=\u00a0\u00bb{}\u00a0\u00bb][et_pb_row admin_label=\u00a0\u00bbrow\u00a0\u00bb _builder_version=\u00a0\u00bb4.16&Prime; background_size=\u00a0\u00bbinitial\u00a0\u00bb background_position=\u00a0\u00bbtop_left\u00a0\u00bb background_repeat=\u00a0\u00bbrepeat\u00a0\u00bb custom_padding=\u00a0\u00bb0px||0px|||\u00a0\u00bb global_colors_info=\u00a0\u00bb{}\u00a0\u00bb][et_pb_column type=\u00a0\u00bb4_4&Prime; _builder_version=\u00a0\u00bb4.16&Prime; custom_padding=\u00a0\u00bb|||\u00a0\u00bb global_colors_info=\u00a0\u00bb{}\u00a0\u00bb custom_padding__hover=\u00a0\u00bb|||\u00a0\u00bb][et_pb_code _builder_version=\u00a0\u00bb4.16&Prime; _module_preset=\u00a0\u00bbdefault\u00a0\u00bb global_colors_info=\u00a0\u00bb{}\u00a0\u00bb]<\/p>\n<h2>Cookies<\/h2>\n<p><!-- [et_pb_line_break_holder] -->[\/et_pb_code][\/et_pb_column][\/et_pb_row][et_pb_row _builder_version=\u00a0\u00bb4.16&Prime; _module_preset=\u00a0\u00bbdefault\u00a0\u00bb global_colors_info=\u00a0\u00bb{}\u00a0\u00bb][et_pb_column type=\u00a0\u00bb4_4&Prime; _builder_version=\u00a0\u00bb4.16&Prime; _module_preset=\u00a0\u00bbdefault\u00a0\u00bb global_colors_info=\u00a0\u00bb{}\u00a0\u00bb][et_pb_text _builder_version=\u00a0\u00bb4.16&Prime; _module_preset=\u00a0\u00bbdefault\u00a0\u00bb global_colors_info=\u00a0\u00bb{}\u00a0\u00bb]<\/p>\n<p>Ce site web utilise des cookies. Les cookies nous permettent de personnaliser le contenu et les annonces, d&rsquo;offrir des fonctionnalit\u00e9s relatives aux m\u00e9dias sociaux et d&rsquo;analyser notre trafic. Nous partageons \u00e9galement des informations sur l&rsquo;utilisation de notre site avec nos partenaires de m\u00e9dias sociaux, de publicit\u00e9 et d&rsquo;analyse, qui peuvent combiner celles-ci avec d&rsquo;autres informations que vous leur avez fournies ou qu&rsquo;ils ont collect\u00e9es lors de votre utilisation de leurs services.<\/p>\n<p>Les cookies sont des petits fichiers textes qui peuvent \u00eatre utilis\u00e9s par les sites web pour rendre l&rsquo;exp\u00e9rience utilisateur plus efficace.<\/p>\n<p>La loi stipule que nous ne pouvons stocker des cookies sur votre appareil que s\u2019ils sont strictement n\u00e9cessaires au fonctionnement de ce site. Pour tous les autres types de cookies, nous avons besoin de votre permission.<\/p>\n<p>Ce site utilise diff\u00e9rents types de cookies. Certains cookies sont plac\u00e9s par les services tiers qui apparaissent sur nos pages.<\/p>\n<p>\u00c0 tout moment, vous pouvez modifier ou retirer votre consentement depuis le popup Axeptio qui affiche la \u00ab\u00a0d\u00e9claration relative aux cookies\u00a0\u00bb sur notre site web ou depuis la petite main jaune y r\u00e9f\u00e9rant en bas \u00e0 gauche de notre site.<\/p>\n<p>En savoir plus sur qui nous sommes, comment vous pouvez nous contacter et comment nous traitons les donn\u00e9es personnelles veuillez voir notre <a href=\"https:\/\/roman3d.com\/politique-de-confidentialite\/\" target=\"_blank\" rel=\"noopener\" title=\"Politique confidentialit\u00e9\">Politique confidentialit\u00e9<\/a>.<\/p>\n<p>Veuillez indiquer l&rsquo;identifiant de votre consentement et la date \u00e0 laquelle vous nous avez contact\u00e9s concernant votre consentement.<br \/>Votre consentement s&rsquo;applique aux domaines suivants : <a href=\"https:\/\/roman3d.com\">roman3d.com<\/a><\/p>\n<p>[\/et_pb_text][\/et_pb_column][\/et_pb_row][\/et_pb_section]<\/p>\n","protected":false},"excerpt":{"rendered":"<p>Ce site web utilise des cookies. Les cookies nous permettent de personnaliser le contenu et les annonces, d&rsquo;offrir des fonctionnalit\u00e9s relatives aux m\u00e9dias sociaux et d&rsquo;analyser notre trafic. Nous partageons \u00e9galement des informations sur l&rsquo;utilisation de notre site avec nos partenaires de m\u00e9dias sociaux, de publicit\u00e9 et d&rsquo;analyse, qui peuvent combiner celles-ci avec d&rsquo;autres informations que vous leur avez fournies ou qu&rsquo;ils ont collect\u00e9es lors de votre utilisation de leurs services. Les cookies sont des petits fichiers textes qui peuvent \u00eatre utilis\u00e9s par les sites web pour rendre l&rsquo;exp\u00e9rience utilisateur plus efficace. La loi stipule que nous ne pouvons stocker des cookies sur votre appareil que s\u2019ils sont strictement n\u00e9cessaires au fonctionnement de ce site. Pour tous les autres types de cookies, nous avons besoin de votre permission. Ce site utilise diff\u00e9rents types de cookies. Certains cookies sont plac\u00e9s par les services tiers qui apparaissent sur nos pages. \u00c0 tout moment, vous pouvez modifier ou retirer votre consentement depuis le popup Axeptio qui affiche la \u00ab\u00a0d\u00e9claration relative aux cookies\u00a0\u00bb sur notre site web ou depuis la petite main jaune y r\u00e9f\u00e9rant en bas \u00e0 gauche de notre site. En savoir plus sur qui nous sommes, comment vous pouvez nous contacter [&hellip;]<\/p>\n","protected":false},"author":6,"featured_media":0,"parent":0,"menu_order":0,"comment_status":"closed","ping_status":"closed","template":"","meta":{"_et_pb_use_builder":"on","_et_pb_old_content":"<!-- wp:heading --><h2>Who we are<\/h2><!-- \/wp:heading --><!-- wp:paragraph --><p>Our website address is: https:\/\/roman3d.com.<\/p><!-- \/wp:paragraph --><!-- wp:heading --><h2>What personal data we collect and why we collect it<\/h2><!-- \/wp:heading --><!-- wp:heading {\"level\":3} --><h3>Comments<\/h3><!-- \/wp:heading --><!-- wp:paragraph --><p>When visitors leave comments on the site we collect the data shown in the comments form, and also the visitor\u2019s IP address and browser user agent string to help spam detection.<\/p><!-- \/wp:paragraph --><!-- wp:paragraph --><p>An anonymized string created from your email address (also called a hash) may be provided to the Gravatar service to see if you are using it. The Gravatar service privacy policy is available here: https:\/\/automattic.com\/privacy\/. After approval of your comment, your profile picture is visible to the public in the context of your comment.<\/p><!-- \/wp:paragraph --><!-- wp:heading {\"level\":3} --><h3>Media<\/h3><!-- \/wp:heading --><!-- wp:paragraph --><p>If you upload images to the website, you should avoid uploading images with embedded location data (EXIF GPS) included. Visitors to the website can download and extract any location data from images on the website.<\/p><!-- \/wp:paragraph --><!-- wp:heading {\"level\":3} --><h3>Contact forms<\/h3><!-- \/wp:heading --><!-- wp:heading {\"level\":3} --><h3>Cookies<\/h3><!-- \/wp:heading --><!-- wp:paragraph --><p>If you leave a comment on our site you may opt-in to saving your name, email address and website in cookies. These are for your convenience so that you do not have to fill in your details again when you leave another comment. These cookies will last for one year.<\/p><!-- \/wp:paragraph --><!-- wp:paragraph --><p>If you visit our login page, we will set a temporary cookie to determine if your browser accepts cookies. This cookie contains no personal data and is discarded when you close your browser.<\/p><!-- \/wp:paragraph --><!-- wp:paragraph --><p>When you log in, we will also set up several cookies to save your login information and your screen display choices. Login cookies last for two days, and screen options cookies last for a year. If you select \"Remember Me\", your login will persist for two weeks. If you log out of your account, the login cookies will be removed.<\/p><!-- \/wp:paragraph --><!-- wp:paragraph --><p>If you edit or publish an article, an additional cookie will be saved in your browser. This cookie includes no personal data and simply indicates the post ID of the article you just edited. It expires after 1 day.<\/p><!-- \/wp:paragraph --><!-- wp:heading {\"level\":3} --><h3>Embedded content from other websites<\/h3><!-- \/wp:heading --><!-- wp:paragraph --><p>Articles on this site may include embedded content (e.g. videos, images, articles, etc.). Embedded content from other websites behaves in the exact same way as if the visitor has visited the other website.<\/p><!-- \/wp:paragraph --><!-- wp:paragraph --><p>These websites may collect data about you, use cookies, embed additional third-party tracking, and monitor your interaction with that embedded content, including tracking your interaction with the embedded content if you have an account and are logged in to that website.<\/p><!-- \/wp:paragraph --><!-- wp:heading {\"level\":3} --><h3>Analytics<\/h3><!-- \/wp:heading --><!-- wp:heading --><h2>Who we share your data with<\/h2><!-- \/wp:heading --><!-- wp:heading --><h2>How long we retain your data<\/h2><!-- \/wp:heading --><!-- wp:paragraph --><p>If you leave a comment, the comment and its metadata are retained indefinitely. This is so we can recognize and approve any follow-up comments automatically instead of holding them in a moderation queue.<\/p><!-- \/wp:paragraph --><!-- wp:paragraph --><p>For users that register on our website (if any), we also store the personal information they provide in their user profile. All users can see, edit, or delete their personal information at any time (except they cannot change their username). Website administrators can also see and edit that information.<\/p><!-- \/wp:paragraph --><!-- wp:heading --><h2>What rights you have over your data<\/h2><!-- \/wp:heading --><!-- wp:paragraph --><p>If you have an account on this site, or have left comments, you can request to receive an exported file of the personal data we hold about you, including any data you have provided to us. You can also request that we erase any personal data we hold about you. This does not include any data we are obliged to keep for administrative, legal, or security purposes.<\/p><!-- \/wp:paragraph --><!-- wp:heading --><h2>Where we send your data<\/h2><!-- \/wp:heading --><!-- wp:paragraph --><p>Visitor comments may be checked through an automated spam detection service.<\/p><!-- \/wp:paragraph --><!-- wp:heading --><h2>Your contact information<\/h2><!-- \/wp:heading --><!-- wp:heading --><h2>Additional information<\/h2><!-- \/wp:heading --><!-- wp:heading {\"level\":3} --><h3>How we protect your data<\/h3><!-- \/wp:heading --><!-- wp:heading {\"level\":3} --><h3>What data breach procedures we have in place<\/h3><!-- \/wp:heading --><!-- wp:heading {\"level\":3} --><h3>What third parties we receive data from<\/h3><!-- \/wp:heading --><!-- wp:heading {\"level\":3} --><h3>What automated decision making and\/or profiling we do with user data<\/h3><!-- \/wp:heading --><!-- wp:heading {\"level\":3} --><h3>Industry regulatory disclosure requirements<\/h3><!-- \/wp:heading -->","_et_gb_content_width":"","footnotes":""},"class_list":["post-1493","page","type-page","status-publish","hentry"],"yoast_head":"<!-- This site is optimized with the Yoast SEO plugin v26.9 - https:\/\/yoast.com\/product\/yoast-seo-wordpress\/ -->\n<title>ROMAN3D ~ Cookies<\/title>\n<meta name=\"description\" content=\"La conformit\u00e9 au RGPD est l&#039;une de nos priorit\u00e9s. Naviguez s\u00fbrement sur notre site web en toute simplicit\u00e9.\" \/>\n<meta name=\"robots\" content=\"noindex, nofollow\" \/>\n<meta property=\"og:locale\" content=\"fr_FR\" \/>\n<meta property=\"og:type\" content=\"article\" \/>\n<meta property=\"og:title\" content=\"ROMAN3D ~ Cookies\" \/>\n<meta property=\"og:description\" content=\"La conformit\u00e9 au RGPD est l&#039;une de nos priorit\u00e9s. Naviguez s\u00fbrement sur notre site web en toute simplicit\u00e9.\" \/>\n<meta property=\"og:url\" content=\"https:\/\/roman3d.com\/fr\/cookies\/\" \/>\n<meta property=\"og:site_name\" content=\"ROMAN3D\" \/>\n<meta property=\"article:publisher\" content=\"https:\/\/www.linkedin.com\/company\/roman3d\/\" \/>\n<meta property=\"article:modified_time\" content=\"2025-05-01T09:48:32+00:00\" \/>\n<meta name=\"twitter:card\" content=\"summary_large_image\" \/>\n<meta name=\"twitter:site\" content=\"@ROMAN3D_PRO\" \/>\n<meta name=\"twitter:label1\" content=\"Dur\u00e9e de lecture estim\u00e9e\" \/>\n\t<meta name=\"twitter:data1\" content=\"2 minutes\" \/>\n<script type=\"application\/ld+json\" class=\"yoast-schema-graph\">{\"@context\":\"https:\/\/schema.org\",\"@graph\":[{\"@type\":\"WebPage\",\"@id\":\"https:\/\/roman3d.com\/fr\/cookies\/\",\"url\":\"https:\/\/roman3d.com\/fr\/cookies\/\",\"name\":\"ROMAN3D ~ Cookies\",\"isPartOf\":{\"@id\":\"https:\/\/roman3d.com\/fr\/#website\"},\"datePublished\":\"2021-01-17T07:33:11+00:00\",\"dateModified\":\"2025-05-01T09:48:32+00:00\",\"description\":\"La conformit\u00e9 au RGPD est l'une de nos priorit\u00e9s. Naviguez s\u00fbrement sur notre site web en toute simplicit\u00e9.\",\"breadcrumb\":{\"@id\":\"https:\/\/roman3d.com\/fr\/cookies\/#breadcrumb\"},\"inLanguage\":\"fr-FR\",\"potentialAction\":[{\"@type\":\"ReadAction\",\"target\":[\"https:\/\/roman3d.com\/fr\/cookies\/\"]}]},{\"@type\":\"BreadcrumbList\",\"@id\":\"https:\/\/roman3d.com\/fr\/cookies\/#breadcrumb\",\"itemListElement\":[{\"@type\":\"ListItem\",\"position\":1,\"name\":\"Accueil\",\"item\":\"https:\/\/roman3d.com\/fr\/\"},{\"@type\":\"ListItem\",\"position\":2,\"name\":\"Cookies\"}]},{\"@type\":\"WebSite\",\"@id\":\"https:\/\/roman3d.com\/fr\/#website\",\"url\":\"https:\/\/roman3d.com\/fr\/\",\"name\":\"ROMAN3D\",\"description\":\"Bienvenue sur notre portfolio : Infographistes 2D &amp; 3D - Communication &amp; Marketing Digital\",\"publisher\":{\"@id\":\"https:\/\/roman3d.com\/fr\/#organization\"},\"potentialAction\":[{\"@type\":\"SearchAction\",\"target\":{\"@type\":\"EntryPoint\",\"urlTemplate\":\"https:\/\/roman3d.com\/fr\/?s={search_term_string}\"},\"query-input\":{\"@type\":\"PropertyValueSpecification\",\"valueRequired\":true,\"valueName\":\"search_term_string\"}}],\"inLanguage\":\"fr-FR\"},{\"@type\":\"Organization\",\"@id\":\"https:\/\/roman3d.com\/fr\/#organization\",\"name\":\"ROMAN3D\",\"url\":\"https:\/\/roman3d.com\/fr\/\",\"logo\":{\"@type\":\"ImageObject\",\"inLanguage\":\"fr-FR\",\"@id\":\"https:\/\/roman3d.com\/fr\/#\/schema\/logo\/image\/\",\"url\":\"https:\/\/mk0roman3dcomngrk345.kinstacdn.com\/wp-content\/uploads\/2020\/08\/nl-roman3d-logo-black-full-1-e1596841899971.png\",\"contentUrl\":\"https:\/\/mk0roman3dcomngrk345.kinstacdn.com\/wp-content\/uploads\/2020\/08\/nl-roman3d-logo-black-full-1-e1596841899971.png\",\"width\":200,\"height\":200,\"caption\":\"ROMAN3D\"},\"image\":{\"@id\":\"https:\/\/roman3d.com\/fr\/#\/schema\/logo\/image\/\"},\"sameAs\":[\"https:\/\/www.linkedin.com\/company\/roman3d\/\",\"https:\/\/x.com\/ROMAN3D_PRO\",\"https:\/\/www.instagram.com\/roman3d_pro\/\",\"http:\/\/www.pinterest.com\/ROMAN3D\",\"https:\/\/www.youtube.com\/channel\/UCqbu_WQkOwwuFyBso9fvvaA\"]}]}<\/script>\n<!-- \/ Yoast SEO plugin. -->","yoast_head_json":{"title":"ROMAN3D ~ Cookies","description":"La conformit\u00e9 au RGPD est l'une de nos priorit\u00e9s. Naviguez s\u00fbrement sur notre site web en toute simplicit\u00e9.","robots":{"index":"noindex","follow":"nofollow"},"og_locale":"fr_FR","og_type":"article","og_title":"ROMAN3D ~ Cookies","og_description":"La conformit\u00e9 au RGPD est l'une de nos priorit\u00e9s. Naviguez s\u00fbrement sur notre site web en toute simplicit\u00e9.","og_url":"https:\/\/roman3d.com\/fr\/cookies\/","og_site_name":"ROMAN3D","article_publisher":"https:\/\/www.linkedin.com\/company\/roman3d\/","article_modified_time":"2025-05-01T09:48:32+00:00","twitter_card":"summary_large_image","twitter_site":"@ROMAN3D_PRO","twitter_misc":{"Dur\u00e9e de lecture estim\u00e9e":"2 minutes"},"schema":{"@context":"https:\/\/schema.org","@graph":[{"@type":"WebPage","@id":"https:\/\/roman3d.com\/fr\/cookies\/","url":"https:\/\/roman3d.com\/fr\/cookies\/","name":"ROMAN3D ~ Cookies","isPartOf":{"@id":"https:\/\/roman3d.com\/fr\/#website"},"datePublished":"2021-01-17T07:33:11+00:00","dateModified":"2025-05-01T09:48:32+00:00","description":"La conformit\u00e9 au RGPD est l'une de nos priorit\u00e9s. Naviguez s\u00fbrement sur notre site web en toute simplicit\u00e9.","breadcrumb":{"@id":"https:\/\/roman3d.com\/fr\/cookies\/#breadcrumb"},"inLanguage":"fr-FR","potentialAction":[{"@type":"ReadAction","target":["https:\/\/roman3d.com\/fr\/cookies\/"]}]},{"@type":"BreadcrumbList","@id":"https:\/\/roman3d.com\/fr\/cookies\/#breadcrumb","itemListElement":[{"@type":"ListItem","position":1,"name":"Accueil","item":"https:\/\/roman3d.com\/fr\/"},{"@type":"ListItem","position":2,"name":"Cookies"}]},{"@type":"WebSite","@id":"https:\/\/roman3d.com\/fr\/#website","url":"https:\/\/roman3d.com\/fr\/","name":"ROMAN3D","description":"Bienvenue sur notre portfolio : Infographistes 2D &amp; 3D - Communication &amp; Marketing Digital","publisher":{"@id":"https:\/\/roman3d.com\/fr\/#organization"},"potentialAction":[{"@type":"SearchAction","target":{"@type":"EntryPoint","urlTemplate":"https:\/\/roman3d.com\/fr\/?s={search_term_string}"},"query-input":{"@type":"PropertyValueSpecification","valueRequired":true,"valueName":"search_term_string"}}],"inLanguage":"fr-FR"},{"@type":"Organization","@id":"https:\/\/roman3d.com\/fr\/#organization","name":"ROMAN3D","url":"https:\/\/roman3d.com\/fr\/","logo":{"@type":"ImageObject","inLanguage":"fr-FR","@id":"https:\/\/roman3d.com\/fr\/#\/schema\/logo\/image\/","url":"https:\/\/mk0roman3dcomngrk345.kinstacdn.com\/wp-content\/uploads\/2020\/08\/nl-roman3d-logo-black-full-1-e1596841899971.png","contentUrl":"https:\/\/mk0roman3dcomngrk345.kinstacdn.com\/wp-content\/uploads\/2020\/08\/nl-roman3d-logo-black-full-1-e1596841899971.png","width":200,"height":200,"caption":"ROMAN3D"},"image":{"@id":"https:\/\/roman3d.com\/fr\/#\/schema\/logo\/image\/"},"sameAs":["https:\/\/www.linkedin.com\/company\/roman3d\/","https:\/\/x.com\/ROMAN3D_PRO","https:\/\/www.instagram.com\/roman3d_pro\/","http:\/\/www.pinterest.com\/ROMAN3D","https:\/\/www.youtube.com\/channel\/UCqbu_WQkOwwuFyBso9fvvaA"]}]}},"_links":{"self":[{"href":"https:\/\/roman3d.com\/fr\/wp-json\/wp\/v2\/pages\/1493","targetHints":{"allow":["GET"]}}],"collection":[{"href":"https:\/\/roman3d.com\/fr\/wp-json\/wp\/v2\/pages"}],"about":[{"href":"https:\/\/roman3d.com\/fr\/wp-json\/wp\/v2\/types\/page"}],"author":[{"embeddable":true,"href":"https:\/\/roman3d.com\/fr\/wp-json\/wp\/v2\/users\/6"}],"replies":[{"embeddable":true,"href":"https:\/\/roman3d.com\/fr\/wp-json\/wp\/v2\/comments?post=1493"}],"version-history":[{"count":1,"href":"https:\/\/roman3d.com\/fr\/wp-json\/wp\/v2\/pages\/1493\/revisions"}],"predecessor-version":[{"id":7766,"href":"https:\/\/roman3d.com\/fr\/wp-json\/wp\/v2\/pages\/1493\/revisions\/7766"}],"wp:attachment":[{"href":"https:\/\/roman3d.com\/fr\/wp-json\/wp\/v2\/media?parent=1493"}],"curies":[{"name":"wp","href":"https:\/\/api.w.org\/{rel}","templated":true}]}}